{"id":35,"date":"2016-05-05T19:13:28","date_gmt":"2016-05-05T18:13:28","guid":{"rendered":"http:\/\/rojasfotografo.com\/?page_id=35"},"modified":"2023-02-09T19:15:36","modified_gmt":"2023-02-09T18:15:36","slug":"contacto","status":"publish","type":"page","link":"https:\/\/rojasfotografo.com\/en\/contacto","title":{"rendered":"Contact"},"content":{"rendered":"<div class=\"trp_language_switcher_shortcode\">\n<div class=\"trp-language-switcher trp-language-switcher-container\" data-no-translation>\n    <div class=\"trp-ls-shortcode-current-language\">\n        <a href=\"#\" class=\"trp-ls-shortcode-disabled-language trp-ls-disabled-language\" title=\"Espa\u00f1ol\" onclick=\"event.preventDefault()\">\n\t\t\t Espa\u00f1ol\t\t<\/a>\n    <\/div>\n    <div class=\"trp-ls-shortcode-language\">\n                    <a href=\"https:\/\/rojasfotografo.com\/wp-json\/wp\/v2\/pages\/35\/\" title=\"Espa\u00f1ol\">\n             Espa\u00f1ol        <\/a>\n\n        <\/div>\n    <script type=\"application\/javascript\">\n        \/\/ need to have the same with set from JS on both divs. Otherwise it can push stuff around in HTML\n        var trp_ls_shortcodes = document.querySelectorAll('.trp_language_switcher_shortcode .trp-language-switcher');\n        if ( trp_ls_shortcodes.length > 0) {\n            \/\/ get the last language switcher added\n            var trp_el = trp_ls_shortcodes[trp_ls_shortcodes.length - 1];\n\n            var trp_shortcode_language_item = trp_el.querySelector( '.trp-ls-shortcode-language' )\n            \/\/ set width\n            var trp_ls_shortcode_width                                               = trp_shortcode_language_item.offsetWidth + 16;\n            trp_shortcode_language_item.style.width                                  = trp_ls_shortcode_width + 'px';\n            trp_el.querySelector( '.trp-ls-shortcode-current-language' ).style.width = trp_ls_shortcode_width + 'px';\n\n            \/\/ We're putting this on display: none after we have its width.\n            trp_shortcode_language_item.style.display = 'none';\n        }\n    <\/script>\n<\/div>\n<\/div>\n\n\n\n<h1 class=\"wp-block-heading\" id=\"julian-rojas\"><a href=\"https:\/\/rojasfotografo.com\/en\/\" data-type=\"page\" data-id=\"14\">Julian Rojas<\/a><\/h1>\n\n\n\n<h2 class=\"wp-block-heading\" id=\"fotografia-drones-dp-operador-de-camara\"> photography, dron operator, DP, camera operator <\/h2>\n\n\n<div class=\"menu-principal-container\"><ul id=\"menu-principal\" class=\"menu\"><li id=\"menu-item-11787\" class=\"menu-item menu-item-type-post_type menu-item-object-page menu-item-11787\"><a href=\"https:\/\/rojasfotografo.com\/en\/sobre-mi\">Sobre m\u00ed<\/a><\/li>\n<li id=\"menu-item-250\" class=\"menu-item menu-item-type-post_type menu-item-object-page menu-item-250\"><a href=\"https:\/\/rojasfotografo.com\/en\/galeria_fotografica\">Photo gallery<\/a><\/li>\n<li id=\"menu-item-12013\" class=\"menu-item menu-item-type-post_type menu-item-object-page menu-item-12013\"><a href=\"https:\/\/rojasfotografo.com\/en\/galeria-de-video\">Video gallery<\/a><\/li>\n<li id=\"menu-item-37\" class=\"menu-item menu-item-type-post_type menu-item-object-page menu-item-37\"><a href=\"https:\/\/rojasfotografo.com\/en\/contacto\">Contact<\/a><\/li>\n<\/ul><\/div>\n\n\n\n<hr class=\"wp-block-separator has-css-opacity\"\/>\n\n\n\n<h4 class=\"wp-block-heading\" id=\"contacto\">Contact<\/h4>\n\n\n\n<p>Phone: 0034 600 444 861<\/p>\n\n\n\n<p>E-mail: <a href=\"mailto:info@rojasfotografo.com\">info@rojasfotografo.com<\/a><\/p>\n\n\n\n<hr class=\"wp-block-separator has-css-opacity\"\/>\n\n\n\n<h4 class=\"wp-block-heading\" id=\"formulario-de-contacto\">Contact form<\/h4>\n\n\n\n<p>If you want to contact me, please fill this form. But if it is urgent, do not hesitate to use the phone  \ud83d\ude09<\/p>\n\n\n\n<div class=\"wpcf7 no-js\" id=\"wpcf7-f34-o1\" lang=\"es-ES\" dir=\"ltr\">\n<div class=\"screen-reader-response\"><p role=\"status\" aria-live=\"polite\" aria-atomic=\"true\"><\/p> <ul><\/ul><\/div>\n<form action=\"\/en\/wp-json\/wp\/v2\/pages\/35#wpcf7-f34-o1\" method=\"post\" class=\"wpcf7-form init\" aria-label=\"Contact form\" novalidate=\"novalidate\" data-status=\"init\" data-trp-original-action=\"\/en\/wp-json\/wp\/v2\/pages\/35#wpcf7-f34-o1\">\n<div style=\"display: none;\">\n<input type=\"hidden\" name=\"_wpcf7\" value=\"34\" \/>\n<input type=\"hidden\" name=\"_wpcf7_version\" value=\"5.7.3\" \/>\n<input type=\"hidden\" name=\"_wpcf7_locale\" value=\"es_ES\" \/>\n<input type=\"hidden\" name=\"_wpcf7_unit_tag\" value=\"wpcf7-f34-o1\" \/>\n<input type=\"hidden\" name=\"_wpcf7_container_post\" value=\"0\" \/>\n<input type=\"hidden\" name=\"_wpcf7_posted_data_hash\" value=\"\" \/>\n<\/div>\n<p>Name (required)\n<\/p>\n<p><span class=\"wpcf7-form-control-wrap\" data-name=\"your-name\"><input size=\"40\" class=\"wpcf7-form-control wpcf7-text wpcf7-validates-as-required\" aria-required=\"true\" aria-invalid=\"false\" value=\"\" type=\"text\" name=\"your-name\" \/><\/span>\n<\/p>\n<p>Your email (required)\n<\/p>\n<p><span class=\"wpcf7-form-control-wrap\" data-name=\"your-email\"><input size=\"40\" class=\"wpcf7-form-control wpcf7-text wpcf7-email wpcf7-validates-as-required wpcf7-validates-as-email\" aria-required=\"true\" aria-invalid=\"false\" value=\"\" type=\"email\" name=\"your-email\" \/><\/span>\n<\/p>\n<p>Phone number\n<\/p>\n<p><span class=\"wpcf7-form-control-wrap\" data-name=\"tel-746\"><input size=\"40\" class=\"wpcf7-form-control wpcf7-text wpcf7-tel wpcf7-validates-as-tel\" aria-invalid=\"false\" value=\"\" type=\"tel\" name=\"tel-746\" \/><\/span>\n<\/p>\n<p>Suject\n<\/p>\n<p><span class=\"wpcf7-form-control-wrap\" data-name=\"your-subject\"><input size=\"40\" class=\"wpcf7-form-control wpcf7-text\" aria-invalid=\"false\" value=\"\" type=\"text\" name=\"your-subject\" \/><\/span>\n<\/p>\n<p>Your message\n<\/p>\n<p><span class=\"wpcf7-form-control-wrap\" data-name=\"your-message\"><textarea cols=\"40\" rows=\"10\" class=\"wpcf7-form-control wpcf7-textarea\" aria-invalid=\"false\" name=\"your-message\"><\/textarea><\/span>\n<\/p>\n<div class=\"g-recaptcha\" data-sitekey=\"6LcELR8TAAAAAOzpV8Js2td1eWkkqPyQndbMiG3n\">\n<\/div>\n<p><input class=\"wpcf7-form-control has-spinner wpcf7-submit\" type=\"submit\" value=\"Send\" \/>\n<\/p><p style=\"display: none !important;\"><label>&#916;<textarea name=\"_wpcf7_ak_hp_textarea\" cols=\"45\" rows=\"8\" maxlength=\"100\"><\/textarea><\/label><input type=\"hidden\" id=\"ak_js_1\" name=\"_wpcf7_ak_js\" value=\"152\"\/><script>document.getElementById( \"ak_js_1\" ).setAttribute( \"value\", ( new Date() ).getTime() );<\/script><\/p><div class=\"wpcf7-response-output\" aria-hidden=\"true\"><\/div>\n<input type=\"hidden\" name=\"trp-form-language\" value=\"en\"\/><\/form>\n<\/div>\n\n\n\n\n<hr class=\"wp-block-separator has-css-opacity\"\/>","protected":false},"excerpt":{"rendered":"<p>Juli\u00e1n Rojas fotograf\u00eda, drones, DP, operador de c\u00e1mara Contacto Tel\u00e9fono: 0034 600 444 861 E-mail: info@rojasfotografo.com Formulario de contacto Si me quieres enviar un mensaje rellena esto, pero si te corre prisa mejor descuelga el tel\u00e9fono \ud83d\ude09<\/p>","protected":false},"author":1,"featured_media":0,"parent":0,"menu_order":0,"comment_status":"closed","ping_status":"closed","template":"","meta":{"ngg_post_thumbnail":0},"_links":{"self":[{"href":"https:\/\/rojasfotografo.com\/en\/wp-json\/wp\/v2\/pages\/35"}],"collection":[{"href":"https:\/\/rojasfotografo.com\/en\/wp-json\/wp\/v2\/pages"}],"about":[{"href":"https:\/\/rojasfotografo.com\/en\/wp-json\/wp\/v2\/types\/page"}],"author":[{"embeddable":true,"href":"https:\/\/rojasfotografo.com\/en\/wp-json\/wp\/v2\/users\/1"}],"replies":[{"embeddable":true,"href":"https:\/\/rojasfotografo.com\/en\/wp-json\/wp\/v2\/comments?post=35"}],"version-history":[{"count":25,"href":"https:\/\/rojasfotografo.com\/en\/wp-json\/wp\/v2\/pages\/35\/revisions"}],"predecessor-version":[{"id":12286,"href":"https:\/\/rojasfotografo.com\/en\/wp-json\/wp\/v2\/pages\/35\/revisions\/12286"}],"wp:attachment":[{"href":"https:\/\/rojasfotografo.com\/en\/wp-json\/wp\/v2\/media?parent=35"}],"curies":[{"name":"wp","href":"https:\/\/api.w.org\/{rel}","templated":true}]}}