{"id":248,"date":"2016-05-07T00:30:41","date_gmt":"2016-05-06T23:30:41","guid":{"rendered":"http:\/\/rojasfotografo.com\/?page_id=248"},"modified":"2022-01-27T20:03:00","modified_gmt":"2022-01-27T19:03:00","slug":"galeria_fotografica","status":"publish","type":"page","link":"https:\/\/rojasfotografo.com\/en\/galeria_fotografica","title":{"rendered":"Photo gallery"},"content":{"rendered":"<div class=\"trp_language_switcher_shortcode\">\n<div class=\"trp-language-switcher trp-language-switcher-container\" data-no-translation>\n    <div class=\"trp-ls-shortcode-current-language\">\n        <a href=\"#\" class=\"trp-ls-shortcode-disabled-language trp-ls-disabled-language\" title=\"Espa\u00f1ol\" onclick=\"event.preventDefault()\">\n\t\t\t Espa\u00f1ol\t\t<\/a>\n    <\/div>\n    <div class=\"trp-ls-shortcode-language\">\n                    <a href=\"https:\/\/rojasfotografo.com\/wp-json\/wp\/v2\/pages\/248\/\" title=\"Espa\u00f1ol\">\n             Espa\u00f1ol        <\/a>\n\n        <\/div>\n    <script type=\"application\/javascript\">\n        \/\/ need to have the same with set from JS on both divs. Otherwise it can push stuff around in HTML\n        var trp_ls_shortcodes = document.querySelectorAll('.trp_language_switcher_shortcode .trp-language-switcher');\n        if ( trp_ls_shortcodes.length > 0) {\n            \/\/ get the last language switcher added\n            var trp_el = trp_ls_shortcodes[trp_ls_shortcodes.length - 1];\n\n            var trp_shortcode_language_item = trp_el.querySelector( '.trp-ls-shortcode-language' )\n            \/\/ set width\n            var trp_ls_shortcode_width                                               = trp_shortcode_language_item.offsetWidth + 16;\n            trp_shortcode_language_item.style.width                                  = trp_ls_shortcode_width + 'px';\n            trp_el.querySelector( '.trp-ls-shortcode-current-language' ).style.width = trp_ls_shortcode_width + 'px';\n\n            \/\/ We're putting this on display: none after we have its width.\n            trp_shortcode_language_item.style.display = 'none';\n        }\n    <\/script>\n<\/div>\n<\/div>\n\n\n\n<h1 class=\"wp-block-heading\" id=\"julian-rojas\"><a href=\"https:\/\/rojasfotografo.com\/en\/\" data-type=\"page\" data-id=\"14\">Julian Rojas<\/a><\/h1>\n\n\n\n<h2 class=\"wp-block-heading\" id=\"fotografia-drones-dp-operador-de-camara\"> photography, dron operator, DP, camera operator <\/h2>\n\n\n<div class=\"menu-principal-container\"><ul id=\"menu-principal\" class=\"menu\"><li id=\"menu-item-11787\" class=\"menu-item menu-item-type-post_type menu-item-object-page menu-item-11787\"><a href=\"https:\/\/rojasfotografo.com\/en\/sobre-mi\">Sobre m\u00ed<\/a><\/li>\n<li id=\"menu-item-250\" class=\"menu-item menu-item-type-post_type menu-item-object-page menu-item-250\"><a href=\"https:\/\/rojasfotografo.com\/en\/galeria_fotografica\">Photo gallery<\/a><\/li>\n<li id=\"menu-item-12013\" class=\"menu-item menu-item-type-post_type menu-item-object-page menu-item-12013\"><a href=\"https:\/\/rojasfotografo.com\/en\/galeria-de-video\">Video gallery<\/a><\/li>\n<li id=\"menu-item-37\" class=\"menu-item menu-item-type-post_type menu-item-object-page menu-item-37\"><a href=\"https:\/\/rojasfotografo.com\/en\/contacto\">Contact<\/a><\/li>\n<\/ul><\/div>\n\n\n\n<div class=\"ngg-pro-album nextgen_pro_list_album\" id=\"displayed_gallery_a7f0c31b5d749eb9f8fd7c3d476f3d54\">\n            <div class='image_container'>\n            <div class='image_link_wrapper'>\n                                <span class=\"gallery_link\">\n                    <a href='https:\/\/rojasfotografo.com\/en\/galeria_fotografica\/nggallery\/trabajos-de-encargo\/arquitectura-e-interiorismo'\n                               title='Each space needs a different approach, evocative and descriptive images. Useful images with one goal: the one you need.'><picture>\n\t\n<source srcset='https:\/\/rojasfotografo.com\/wp-content\/gallery\/arquitectura-e-interiorismo\/thumbs\/thumbs_DSC0840.jpg' media=''>\n<img class=\"gallery_preview\" title=\"DSC0840\" alt=\"DSC0840\" width=\"240\" height=\"160\" style=\"max-width:240px;max-height:160px\" src=\"https:\/\/rojasfotografo.com\/wp-content\/gallery\/arquitectura-e-interiorismo\/thumbs\/thumbs_DSC0840.jpg\" srcset=\"https:\/\/rojasfotografo.com\/wp-content\/gallery\/arquitectura-e-interiorismo\/thumbs\/thumbs_DSC0840.jpg\" onerror=\"nggRetryFailedImage(this);\"\/>\n<\/picture>                    <\/a>\n                <\/span>\n                <span class=\"caption_link\">\n                    <a href='https:\/\/rojasfotografo.com\/en\/galeria_fotografica\/nggallery\/trabajos-de-encargo\/arquitectura-e-interiorismo'\n                               title='Each space needs a different approach, evocative and descriptive images. Useful images with one goal: the one you need.'>Interior desing and architectural photography<\/a>\n                <\/span>\n                <div class=\"image_description\">\n                    Each space needs a different approach, evocative and descriptive images. Useful images with one goal: the one you need.                <\/div>\n                <br class=\"clear\"\/>\n            <\/div>\n        <\/div>\n            <div class='image_container'>\n            <div class='image_link_wrapper'>\n                                <span class=\"gallery_link\">\n                    <a href='https:\/\/rojasfotografo.com\/en\/galeria_fotografica\/nggallery\/trabajos-de-encargo\/eventos'\n                               title='La fotograf\u00eda de eventos tiene  que ser \u00fatil y efectiva.Cubrimos tres necesidades b\u00e1sicas a la vez, pero siempre centr\u00e1ndonos en las necesidades primordiales del cliente. La funci\u00f3n documental del evento, fotos de grupo, retratos de los intervinientes, photocall... etc. La funci\u00f3n de informe fotogr\u00e1fico, retratando todos los recursos empleados en el evento. Y quiz\u00e1s la m\u00e1s importante y donde somos expertos: esas im\u00e1genes orientadas a su distribuci\u00f3n en prensa para lograr la m\u00e1xima difusi\u00f3n e impacto en medios tradicionales y digitales, sin perder de vista la importancia del branding en estas im\u00e1genes para colocar tu imagen de marca d\u00f3nde importa que est\u00e9.'><picture>\n\t\n<source srcset='https:\/\/rojasfotografo.com\/wp-content\/gallery\/eventos\/thumbs\/thumbs_fotografia_eventos0032.jpg' media=''>\n<img class=\"gallery_preview\" title=\"fotografia_eventos0032\" alt=\"fotografia_eventos0032\" width=\"240\" height=\"160\" style=\"max-width:240px;max-height:160px\" src=\"https:\/\/rojasfotografo.com\/wp-content\/gallery\/eventos\/thumbs\/thumbs_fotografia_eventos0032.jpg\" srcset=\"https:\/\/rojasfotografo.com\/wp-content\/gallery\/eventos\/thumbs\/thumbs_fotografia_eventos0032.jpg\" onerror=\"nggRetryFailedImage(this);\"\/>\n<\/picture>                    <\/a>\n                <\/span>\n                <span class=\"caption_link\">\n                    <a href='https:\/\/rojasfotografo.com\/en\/galeria_fotografica\/nggallery\/trabajos-de-encargo\/eventos'\n                               title='La fotograf\u00eda de eventos tiene  que ser \u00fatil y efectiva.Cubrimos tres necesidades b\u00e1sicas a la vez, pero siempre centr\u00e1ndonos en las necesidades primordiales del cliente. La funci\u00f3n documental del evento, fotos de grupo, retratos de los intervinientes, photocall... etc. La funci\u00f3n de informe fotogr\u00e1fico, retratando todos los recursos empleados en el evento. Y quiz\u00e1s la m\u00e1s importante y donde somos expertos: esas im\u00e1genes orientadas a su distribuci\u00f3n en prensa para lograr la m\u00e1xima difusi\u00f3n e impacto en medios tradicionales y digitales, sin perder de vista la importancia del branding en estas im\u00e1genes para colocar tu imagen de marca d\u00f3nde importa que est\u00e9.'>Events<\/a>\n                <\/span>\n                <div class=\"image_description\">\n                    Event photography has to be useful and effective.<br \/>\r\nWe cover three basic needs at the same time, but always focusing on the client's primary needs. The documentary function of the event, group photos, portraits of the participants, photocall... etc. The photographic report function, portraying all the resources used in the event. And perhaps the most important and where we are experts: those images oriented to their distribution in the press to achieve maximum diffusion and impact in traditional and digital media, without losing sight of the importance of branding in these images to place your brand image where it matters. That this.                <\/div>\n                <br class=\"clear\"\/>\n            <\/div>\n        <\/div>\n            <div class='image_container'>\n            <div class='image_link_wrapper'>\n                                <span class=\"gallery_link\">\n                    <a href='https:\/\/rojasfotografo.com\/en\/galeria_fotografica\/nggallery\/trabajos-de-encargo\/retrato-5'\n                               title='Whether for personal or professional use, creative or formal, portraiture is one of my favorite areas of photography.'><picture>\n\t\n<source srcset='https:\/\/rojasfotografo.com\/wp-content\/gallery\/Retrato\/thumbs\/thumbs_crop0011.jpg' media=''>\n<img class=\"gallery_preview\" title=\"crop0011\" alt=\"crop0011\" width=\"235\" height=\"160\" style=\"max-width:235px;max-height:160px\" src=\"https:\/\/rojasfotografo.com\/wp-content\/gallery\/Retrato\/thumbs\/thumbs_crop0011.jpg\" srcset=\"https:\/\/rojasfotografo.com\/wp-content\/gallery\/Retrato\/thumbs\/thumbs_crop0011.jpg\" onerror=\"nggRetryFailedImage(this);\"\/>\n<\/picture>                    <\/a>\n                <\/span>\n                <span class=\"caption_link\">\n                    <a href='https:\/\/rojasfotografo.com\/en\/galeria_fotografica\/nggallery\/trabajos-de-encargo\/retrato-5'\n                               title='Whether for personal or professional use, creative or formal, portraiture is one of my favorite areas of photography.'>Portrait<\/a>\n                <\/span>\n                <div class=\"image_description\">\n                    Whether for personal or professional use, creative or formal, portraiture is one of my favorite areas of photography.                <\/div>\n                <br class=\"clear\"\/>\n            <\/div>\n        <\/div>\n            <div class='image_container'>\n            <div class='image_link_wrapper'>\n                                <span class=\"gallery_link\">\n                    <a href='https:\/\/rojasfotografo.com\/en\/galeria_fotografica\/nggallery\/reportaje-grafico'\n                               title='Press, street or anthropological report photography... Several galleries of my most personal work.'><picture>\n\t\n<source srcset='https:\/\/rojasfotografo.com\/wp-content\/gallery\/Campamento-sol-15M\/thumbs\/thumbs_15m03.jpg' media=''>\n<img class=\"gallery_preview\" title=\"15m03\" alt=\"15m03\" width=\"238\" height=\"160\" style=\"max-width:238px;max-height:160px\" src=\"https:\/\/rojasfotografo.com\/wp-content\/gallery\/Campamento-sol-15M\/thumbs\/thumbs_15m03.jpg\" srcset=\"https:\/\/rojasfotografo.com\/wp-content\/gallery\/Campamento-sol-15M\/thumbs\/thumbs_15m03.jpg\" onerror=\"nggRetryFailedImage(this);\"\/>\n<\/picture>                    <\/a>\n                <\/span>\n                <span class=\"caption_link\">\n                    <a href='https:\/\/rojasfotografo.com\/en\/galeria_fotografica\/nggallery\/reportaje-grafico'\n                               title='Press, street or anthropological report photography... Several galleries of my most personal work.'>Photo report<\/a>\n                <\/span>\n                <div class=\"image_description\">\n                    Press, street or anthropological report photography... Several galleries of my most personal work.                <\/div>\n                <br class=\"clear\"\/>\n            <\/div>\n        <\/div>\n    <\/div>","protected":false},"excerpt":{"rendered":"<p>Juli\u00e1n Rojas fotograf\u00eda, drones, DP, operador de c\u00e1mara<\/p>","protected":false},"author":1,"featured_media":0,"parent":0,"menu_order":0,"comment_status":"closed","ping_status":"closed","template":"","meta":{"ngg_post_thumbnail":0},"_links":{"self":[{"href":"https:\/\/rojasfotografo.com\/en\/wp-json\/wp\/v2\/pages\/248"}],"collection":[{"href":"https:\/\/rojasfotografo.com\/en\/wp-json\/wp\/v2\/pages"}],"about":[{"href":"https:\/\/rojasfotografo.com\/en\/wp-json\/wp\/v2\/types\/page"}],"author":[{"embeddable":true,"href":"https:\/\/rojasfotografo.com\/en\/wp-json\/wp\/v2\/users\/1"}],"replies":[{"embeddable":true,"href":"https:\/\/rojasfotografo.com\/en\/wp-json\/wp\/v2\/comments?post=248"}],"version-history":[{"count":19,"href":"https:\/\/rojasfotografo.com\/en\/wp-json\/wp\/v2\/pages\/248\/revisions"}],"predecessor-version":[{"id":12109,"href":"https:\/\/rojasfotografo.com\/en\/wp-json\/wp\/v2\/pages\/248\/revisions\/12109"}],"wp:attachment":[{"href":"https:\/\/rojasfotografo.com\/en\/wp-json\/wp\/v2\/media?parent=248"}],"curies":[{"name":"wp","href":"https:\/\/api.w.org\/{rel}","templated":true}]}}