{"id":14,"date":"2016-05-01T23:03:53","date_gmt":"2016-05-01T22:03:53","guid":{"rendered":"http:\/\/rojasfotografo.com\/?page_id=14"},"modified":"2023-02-09T19:13:15","modified_gmt":"2023-02-09T18:13:15","slug":"portada","status":"publish","type":"page","link":"https:\/\/rojasfotografo.com\/en\/","title":{"rendered":"Juli\u00e1n Rojas, fot\u00f3grafo"},"content":{"rendered":"<div class=\"trp_language_switcher_shortcode\">\n<div class=\"trp-language-switcher trp-language-switcher-container\" data-no-translation>\n    <div class=\"trp-ls-shortcode-current-language\">\n        <a href=\"#\" class=\"trp-ls-shortcode-disabled-language trp-ls-disabled-language\" title=\"Espa\u00f1ol\" onclick=\"event.preventDefault()\">\n\t\t\t Espa\u00f1ol\t\t<\/a>\n    <\/div>\n    <div class=\"trp-ls-shortcode-language\">\n                    <a href=\"https:\/\/rojasfotografo.com\/wp-json\/wp\/v2\/pages\/14\/\" title=\"Espa\u00f1ol\">\n             Espa\u00f1ol        <\/a>\n\n        <\/div>\n    <script type=\"application\/javascript\">\n        \/\/ need to have the same with set from JS on both divs. Otherwise it can push stuff around in HTML\n        var trp_ls_shortcodes = document.querySelectorAll('.trp_language_switcher_shortcode .trp-language-switcher');\n        if ( trp_ls_shortcodes.length > 0) {\n            \/\/ get the last language switcher added\n            var trp_el = trp_ls_shortcodes[trp_ls_shortcodes.length - 1];\n\n            var trp_shortcode_language_item = trp_el.querySelector( '.trp-ls-shortcode-language' )\n            \/\/ set width\n            var trp_ls_shortcode_width                                               = trp_shortcode_language_item.offsetWidth + 16;\n            trp_shortcode_language_item.style.width                                  = trp_ls_shortcode_width + 'px';\n            trp_el.querySelector( '.trp-ls-shortcode-current-language' ).style.width = trp_ls_shortcode_width + 'px';\n\n            \/\/ We're putting this on display: none after we have its width.\n            trp_shortcode_language_item.style.display = 'none';\n        }\n    <\/script>\n<\/div>\n<\/div>\n\n\n\n<h1 class=\"alignwide has-text-align-center wp-block-heading\" id=\"julian-rojas\"><strong>Julian Rojas<\/strong><\/h1>\n\n\n\n<h2 class=\"wp-block-heading\" id=\"fotografia-drones-dp-operador-de-camara\">photography, dron operator, DP, camera operator<\/h2>\n\n\n<div class=\"menu-principal-container\"><ul id=\"menu-principal\" class=\"menu\"><li id=\"menu-item-11787\" class=\"menu-item menu-item-type-post_type menu-item-object-page menu-item-11787\"><a href=\"https:\/\/rojasfotografo.com\/en\/sobre-mi\">Sobre m\u00ed<\/a><\/li>\n<li id=\"menu-item-250\" class=\"menu-item menu-item-type-post_type menu-item-object-page menu-item-250\"><a href=\"https:\/\/rojasfotografo.com\/en\/galeria_fotografica\">Photo gallery<\/a><\/li>\n<li id=\"menu-item-12013\" class=\"menu-item menu-item-type-post_type menu-item-object-page menu-item-12013\"><a href=\"https:\/\/rojasfotografo.com\/en\/galeria-de-video\">Video gallery<\/a><\/li>\n<li id=\"menu-item-37\" class=\"menu-item menu-item-type-post_type menu-item-object-page menu-item-37\"><a href=\"https:\/\/rojasfotografo.com\/en\/contacto\">Contact<\/a><\/li>\n<\/ul><\/div>\n\n\n\n<hr class=\"wp-block-separator has-css-opacity\"\/>\n\n\n\n<h4 class=\"wp-block-heading\" id=\"reel-2021\"> Reel 2021<\/h4>\n\n\n\n<figure class=\"wp-block-embed alignfull is-type-video is-provider-vimeo wp-block-embed-vimeo wp-embed-aspect-21-9 wp-has-aspect-ratio\"><div class=\"wp-block-embed__wrapper\">\n<iframe loading=\"lazy\" title=\"Reel21.m4v\" src=\"https:\/\/player.vimeo.com\/video\/663077222?h=0d9dbe6ddc&amp;dnt=1&amp;app_id=122963\" width=\"620\" height=\"258\" frameborder=\"0\" allow=\"autoplay; fullscreen; picture-in-picture\" allowfullscreen><\/iframe>\n<\/div><\/figure>\n\n\n\n<hr class=\"wp-block-separator has-css-opacity\"\/>\n\n\n\n<p class=\"has-text-align-center has-normal-font-size\">E-mail: <a href=\"mailto:info@rojasfotografo.com\">info@rojasfotografo.com<\/a><\/p>\n\n\n\n<p class=\"has-text-align-center has-normal-font-size\">Phone: 0034 600 444 861<\/p>","protected":false},"excerpt":{"rendered":"<p>Juli\u00e1n Rojas fotograf\u00eda, drones, DP, operador de c\u00e1mara Reel 2021 E-mail: info@rojasfotografo.com Tel\u00e9fono: 0034 600 444 861<\/p>","protected":false},"author":1,"featured_media":0,"parent":0,"menu_order":0,"comment_status":"closed","ping_status":"closed","template":"","meta":{"ngg_post_thumbnail":0},"_links":{"self":[{"href":"https:\/\/rojasfotografo.com\/en\/wp-json\/wp\/v2\/pages\/14"}],"collection":[{"href":"https:\/\/rojasfotografo.com\/en\/wp-json\/wp\/v2\/pages"}],"about":[{"href":"https:\/\/rojasfotografo.com\/en\/wp-json\/wp\/v2\/types\/page"}],"author":[{"embeddable":true,"href":"https:\/\/rojasfotografo.com\/en\/wp-json\/wp\/v2\/users\/1"}],"replies":[{"embeddable":true,"href":"https:\/\/rojasfotografo.com\/en\/wp-json\/wp\/v2\/comments?post=14"}],"version-history":[{"count":65,"href":"https:\/\/rojasfotografo.com\/en\/wp-json\/wp\/v2\/pages\/14\/revisions"}],"predecessor-version":[{"id":12284,"href":"https:\/\/rojasfotografo.com\/en\/wp-json\/wp\/v2\/pages\/14\/revisions\/12284"}],"wp:attachment":[{"href":"https:\/\/rojasfotografo.com\/en\/wp-json\/wp\/v2\/media?parent=14"}],"curies":[{"name":"wp","href":"https:\/\/api.w.org\/{rel}","templated":true}]}}