{"id":12003,"date":"2022-01-27T15:03:19","date_gmt":"2022-01-27T14:03:19","guid":{"rendered":"https:\/\/rojasfotografo.com\/?page_id=12003"},"modified":"2023-02-13T19:58:00","modified_gmt":"2023-02-13T18:58:00","slug":"galeria-de-video","status":"publish","type":"page","link":"https:\/\/rojasfotografo.com\/en\/galeria-de-video","title":{"rendered":"Video gallery"},"content":{"rendered":"<div class=\"trp_language_switcher_shortcode\">\n<div class=\"trp-language-switcher trp-language-switcher-container\" data-no-translation>\n    <div class=\"trp-ls-shortcode-current-language\">\n        <a href=\"#\" class=\"trp-ls-shortcode-disabled-language trp-ls-disabled-language\" title=\"Espa\u00f1ol\" onclick=\"event.preventDefault()\">\n\t\t\t Espa\u00f1ol\t\t<\/a>\n    <\/div>\n    <div class=\"trp-ls-shortcode-language\">\n                    <a href=\"https:\/\/rojasfotografo.com\/wp-json\/wp\/v2\/pages\/12003\/\" title=\"Espa\u00f1ol\">\n             Espa\u00f1ol        <\/a>\n\n        <\/div>\n    <script type=\"application\/javascript\">\n        \/\/ need to have the same with set from JS on both divs. Otherwise it can push stuff around in HTML\n        var trp_ls_shortcodes = document.querySelectorAll('.trp_language_switcher_shortcode .trp-language-switcher');\n        if ( trp_ls_shortcodes.length > 0) {\n            \/\/ get the last language switcher added\n            var trp_el = trp_ls_shortcodes[trp_ls_shortcodes.length - 1];\n\n            var trp_shortcode_language_item = trp_el.querySelector( '.trp-ls-shortcode-language' )\n            \/\/ set width\n            var trp_ls_shortcode_width                                               = trp_shortcode_language_item.offsetWidth + 16;\n            trp_shortcode_language_item.style.width                                  = trp_ls_shortcode_width + 'px';\n            trp_el.querySelector( '.trp-ls-shortcode-current-language' ).style.width = trp_ls_shortcode_width + 'px';\n\n            \/\/ We're putting this on display: none after we have its width.\n            trp_shortcode_language_item.style.display = 'none';\n        }\n    <\/script>\n<\/div>\n<\/div>\n\n\n\n<h1 class=\"wp-block-heading\" id=\"julian-rojas\"><a href=\"https:\/\/rojasfotografo.com\/en\/\" data-type=\"page\" data-id=\"14\">Julian Rojas<\/a><\/h1>\n\n\n\n<h2 class=\"wp-block-heading\" id=\"fotografia-drones-dp-operador-de-camara\"> photography, dron operator, DP, camera operator <\/h2>\n\n\n<div class=\"menu-principal-container\"><ul id=\"menu-principal\" class=\"menu\"><li id=\"menu-item-11787\" class=\"menu-item menu-item-type-post_type menu-item-object-page menu-item-11787\"><a href=\"https:\/\/rojasfotografo.com\/en\/sobre-mi\">Sobre m\u00ed<\/a><\/li>\n<li id=\"menu-item-250\" class=\"menu-item menu-item-type-post_type menu-item-object-page menu-item-250\"><a href=\"https:\/\/rojasfotografo.com\/en\/galeria_fotografica\">Photo gallery<\/a><\/li>\n<li id=\"menu-item-12013\" class=\"menu-item menu-item-type-post_type menu-item-object-page menu-item-12013\"><a href=\"https:\/\/rojasfotografo.com\/en\/galeria-de-video\">Video gallery<\/a><\/li>\n<li id=\"menu-item-37\" class=\"menu-item menu-item-type-post_type menu-item-object-page menu-item-37\"><a href=\"https:\/\/rojasfotografo.com\/en\/contacto\">Contact<\/a><\/li>\n<\/ul><\/div>\n\n\n\n<hr class=\"wp-block-separator has-css-opacity\"\/>\n\n\n\n<h4 class=\"wp-block-heading\" id=\"mis-ultimos-videos\">Recent videos<\/h4>\n\n\n\n<p class=\"has-text-align-center\">Role: filmmaker.<\/p>\n\n\n          <style type=\"text\/css\" id=\"vimeography-gallery-1-custom-css\">\n        \n      \n          <\/style>\n            <div id=\"vimeography-gallery-1\" class=\"vimeography-theme-timber\" data-version=\"2.1.1\"  style=\"max-width: 100%; margin: 0 auto;\"  itemscope itemtype=\"http:\/\/schema.org\/VideoGallery\">\n        <div id=\"subbie\">\n          <gallery><\/gallery>\n        <\/div>\n      <\/div>\n    \n\n\n<hr class=\"wp-block-separator has-css-opacity\"\/>\n\n\n\n<h4 class=\"wp-block-heading\" id=\"otros-proyectos\">More proyects<\/h4>\n\n\n\n<p><\/p>\n\n\n\n<p class=\"has-text-align-center\">Promotional video for <strong>Samsung<\/strong>.<br>Role: director of photography.<\/p>\n\n\n\n<figure class=\"wp-block-embed is-type-video is-provider-youtube wp-block-embed-youtube wp-embed-aspect-16-9 wp-has-aspect-ratio\"><div class=\"wp-block-embed__wrapper\">\n<iframe loading=\"lazy\" title=\"Samsung Innovation Campus: Inspiring the Youth | Samsung\" width=\"620\" height=\"349\" src=\"https:\/\/www.youtube.com\/embed\/cNCYz-_R7qQ?feature=oembed\" frameborder=\"0\" allow=\"accelerometer; autoplay; clipboard-write; encrypted-media; gyroscope; picture-in-picture; web-share\" allowfullscreen><\/iframe>\n<\/div><\/figure>\n\n\n\n<hr class=\"wp-block-separator has-alpha-channel-opacity\"\/>\n\n\n\n<p class=\"has-text-align-center\">Documentary <strong>\u00abLabordeta, un hombre sin m\u00e1s\u00bb<\/strong> (Winner of a Goya Award)<br>Role: Camera operator, producer assistant.<\/p>\n\n\n\n<figure class=\"wp-block-embed is-type-video is-provider-youtube wp-block-embed-youtube wp-embed-aspect-16-9 wp-has-aspect-ratio\"><div class=\"wp-block-embed__wrapper\">\n<iframe loading=\"lazy\" title=\"Trailer &quot;Labordeta, un hombre sin m\u00e1s&quot;\" width=\"620\" height=\"349\" src=\"https:\/\/www.youtube.com\/embed\/y-mjrpJWYZk?feature=oembed\" frameborder=\"0\" allow=\"accelerometer; autoplay; clipboard-write; encrypted-media; gyroscope; picture-in-picture; web-share\" allowfullscreen><\/iframe>\n<\/div><\/figure>\n\n\n\n<hr class=\"wp-block-separator has-alpha-channel-opacity\"\/>\n\n\n\n<p class=\"has-text-align-center\">Spot para cerveza <strong>\u00c1mbar<\/strong>.<br>Role: Camera operator<\/p>\n\n\n\n<figure class=\"wp-block-embed is-type-video is-provider-youtube wp-block-embed-youtube wp-embed-aspect-16-9 wp-has-aspect-ratio\"><div class=\"wp-block-embed__wrapper\">\n<iframe loading=\"lazy\" title=\"Road to Tokio - Sara Revuelta\" width=\"620\" height=\"349\" src=\"https:\/\/www.youtube.com\/embed\/_MYiFod21XU?feature=oembed\" frameborder=\"0\" allow=\"accelerometer; autoplay; clipboard-write; encrypted-media; gyroscope; picture-in-picture; web-share\" allowfullscreen><\/iframe>\n<\/div><\/figure>\n\n\n\n<hr class=\"wp-block-separator has-css-opacity\"\/>\n\n\n\n<p class=\"has-text-align-center\">Documentary <strong>\u00abAute retrato\u00bb<\/strong> (Nominado Goya mejor documental 2020).<br>Role: Camera operator<\/p>\n\n\n\n<figure class=\"wp-block-embed is-type-video is-provider-youtube wp-block-embed-youtube wp-embed-aspect-16-9 wp-has-aspect-ratio\"><div class=\"wp-block-embed__wrapper\">\n<iframe loading=\"lazy\" title=\"Auterretrato\" width=\"620\" height=\"349\" src=\"https:\/\/www.youtube.com\/embed\/9PPsj6O5LxI?feature=oembed\" frameborder=\"0\" allow=\"accelerometer; autoplay; clipboard-write; encrypted-media; gyroscope; picture-in-picture; web-share\" allowfullscreen><\/iframe>\n<\/div><\/figure>\n\n\n\n<hr class=\"wp-block-separator has-alpha-channel-opacity\"\/>\n\n\n\n<h4 class=\"wp-block-heading\">More videos<\/h4>\n\n\n\n<p class=\"has-text-align-center\">Role: filmmaker.<\/p>\n\n\n          <style type=\"text\/css\" id=\"vimeography-gallery-3-custom-css\">\n        \n      \n          <\/style>\n            <div id=\"vimeography-gallery-3\" class=\"vimeography-theme-timber\" data-version=\"2.1.1\"  style=\"max-width: 90%; margin: 0 auto;\"  itemscope itemtype=\"http:\/\/schema.org\/VideoGallery\">\n        <div id=\"subbie\">\n          <gallery><\/gallery>\n        <\/div>\n      <\/div>\n    \n\n\n<hr class=\"wp-block-separator has-alpha-channel-opacity\"\/>","protected":false},"excerpt":{"rendered":"<p>Juli\u00e1n Rojas fotograf\u00eda, drones, DP, operador de c\u00e1mara Mis \u00faltimos v\u00eddeos Rol: realizador. Otros proyectos V\u00eddeo promocional para Samsung.Rol: Director de fotograf\u00eda. Documental \u00abLabordeta, un hombre sin m\u00e1s\u00bb (Premio Goya al mejor documental 2023)Rol: Operador de c\u00e1mara, ayudante de producci\u00f3n. Spot para cerveza \u00c1mbar.Rol: Operador de c\u00e1mara. Documental \u00abAute retrato\u00bb (Nominado Goya mejor documental 2020).Rol:<a class=\"more-link\" href=\"https:\/\/rojasfotografo.com\/en\/galeria-de-video\">Continue reading <span class=\"screen-reader-text\">\u00abGaler\u00eda de v\u00eddeo\u00bb<\/span><\/a><\/p>","protected":false},"author":1,"featured_media":0,"parent":0,"menu_order":0,"comment_status":"closed","ping_status":"closed","template":"","meta":{"ngg_post_thumbnail":0},"_links":{"self":[{"href":"https:\/\/rojasfotografo.com\/en\/wp-json\/wp\/v2\/pages\/12003"}],"collection":[{"href":"https:\/\/rojasfotografo.com\/en\/wp-json\/wp\/v2\/pages"}],"about":[{"href":"https:\/\/rojasfotografo.com\/en\/wp-json\/wp\/v2\/types\/page"}],"author":[{"embeddable":true,"href":"https:\/\/rojasfotografo.com\/en\/wp-json\/wp\/v2\/users\/1"}],"replies":[{"embeddable":true,"href":"https:\/\/rojasfotografo.com\/en\/wp-json\/wp\/v2\/comments?post=12003"}],"version-history":[{"count":42,"href":"https:\/\/rojasfotografo.com\/en\/wp-json\/wp\/v2\/pages\/12003\/revisions"}],"predecessor-version":[{"id":12294,"href":"https:\/\/rojasfotografo.com\/en\/wp-json\/wp\/v2\/pages\/12003\/revisions\/12294"}],"wp:attachment":[{"href":"https:\/\/rojasfotografo.com\/en\/wp-json\/wp\/v2\/media?parent=12003"}],"curies":[{"name":"wp","href":"https:\/\/api.w.org\/{rel}","templated":true}]}}